{"id":2209,"date":"2024-12-27T06:08:48","date_gmt":"2024-12-27T06:08:48","guid":{"rendered":"https:\/\/globalheadlinercollective.com\/artists\/naeleck\/"},"modified":"2025-02-07T07:34:16","modified_gmt":"2025-02-07T07:34:16","slug":"naeleck","status":"publish","type":"product","link":"https:\/\/globalheadlinercollective.com\/es\/artists\/naeleck\/","title":{"rendered":"Naeleck"},"content":{"rendered":"<p>Si a\u00fan no has o\u00eddo hablar de Naeleck, pronto lo har\u00e1s. El DJ y productor franc\u00e9s va camino de conquistar el mundo con su caracter\u00edstica explosi\u00f3n de EDM mel\u00f3dica, bajos pesados y ritmos hardstyle. Con m\u00e1s de 300 millones de streams en plataformas digitales, una cosa est\u00e1 clara: los fans no se cansan de esta figura de culto enmascarada y no-muerta que est\u00e1 difuminando las fronteras de la m\u00fasica, el anime y el mundo de los videojuegos para crear una experiencia audiovisual \u00fanica. En los dos \u00faltimos a\u00f1os, su popularidad ha crecido hasta niveles demenciales, alcanzando el puesto 53 en la lista Reddit Top 100 World DJs de 2018 y el 74 en la codiciada lista DJ Mag&#8217;s Top 100 DJs de 2022, lo que le convierte en el tercer DJ franc\u00e9s m\u00e1s importante despu\u00e9s de David Guetta y DJ Snake.   <\/p>\n<p>En los platos, ha actuado en los mayores festivales y clubes de Europa, Asia, Ocean\u00eda y Norteam\u00e9rica. Lejos de los platos, es simplemente un enigma. Se le ha visto por \u00faltima vez en lo alto de un rascacielos de Tokio, en las catacumbas de Par\u00eds o en una cueva del sur de Asia. Los rumores son interminables. M\u00e1s all\u00e1 de su m\u00fasica, Naeleck ha creado todo un universo en torno a su personaje no muerto, con 50 millones de visitas a sus v\u00eddeos de g\u00e9nero en Tik Tok y m\u00e1s de mil millones de visitas a sus pegatinas GIF. Naeleck tambi\u00e9n dirige dos sellos discogr\u00e1ficos: Den Haku Records y Dancing Dead, con la misi\u00f3n de fichar a nuevos talentos de todo el mundo.     <\/p>\n","protected":false},"excerpt":{"rendered":"<p>Si a\u00fan no has o\u00eddo hablar de Naeleck, pronto lo har\u00e1s. El DJ y productor franc\u00e9s va camino de conquistar el mundo con su caracter\u00edstica explosi\u00f3n de EDM mel\u00f3dica, bajos pesados y ritmos hardstyle. Con m\u00e1s de 300 millones de streams en plataformas digitales, una cosa est\u00e1 clara: los fans no se cansan de esta [&hellip;]<\/p>\n","protected":false},"featured_media":1913,"template":"","meta":{"_et_pb_use_builder":"","_et_pb_old_content":"","_et_gb_content_width":""},"product_brand":[42],"product_cat":[37,36],"product_tag":[],"class_list":{"0":"post-2209","1":"product","2":"type-product","3":"status-publish","4":"has-post-thumbnail","6":"product_brand-a","7":"product_cat-asia-es","8":"product_cat-internacional","10":"first","11":"instock","12":"shipping-taxable","13":"product-type-simple"},"_links":{"self":[{"href":"https:\/\/globalheadlinercollective.com\/es\/wp-json\/wp\/v2\/product\/2209","targetHints":{"allow":["GET"]}}],"collection":[{"href":"https:\/\/globalheadlinercollective.com\/es\/wp-json\/wp\/v2\/product"}],"about":[{"href":"https:\/\/globalheadlinercollective.com\/es\/wp-json\/wp\/v2\/types\/product"}],"wp:featuredmedia":[{"embeddable":true,"href":"https:\/\/globalheadlinercollective.com\/es\/wp-json\/wp\/v2\/media\/1913"}],"wp:attachment":[{"href":"https:\/\/globalheadlinercollective.com\/es\/wp-json\/wp\/v2\/media?parent=2209"}],"wp:term":[{"taxonomy":"product_brand","embeddable":true,"href":"https:\/\/globalheadlinercollective.com\/es\/wp-json\/wp\/v2\/product_brand?post=2209"},{"taxonomy":"product_cat","embeddable":true,"href":"https:\/\/globalheadlinercollective.com\/es\/wp-json\/wp\/v2\/product_cat?post=2209"},{"taxonomy":"product_tag","embeddable":true,"href":"https:\/\/globalheadlinercollective.com\/es\/wp-json\/wp\/v2\/product_tag?post=2209"}],"curies":[{"name":"wp","href":"https:\/\/api.w.org\/{rel}","templated":true}]}}